{"id":28,"date":"2026-02-22T12:19:44","date_gmt":"2026-02-22T11:19:44","guid":{"rendered":"https:\/\/fairwackelt.de\/?page_id=28"},"modified":"2026-02-22T12:19:44","modified_gmt":"2026-02-22T11:19:44","slug":"ueber","status":"publish","type":"page","link":"https:\/\/fairwackelt.de\/?page_id=28","title":{"rendered":"\u00fcber"},"content":{"rendered":"\n<p>Ich habe schon als Kind die Hobbyfotografie von meinem Vater kennengelernt. Damals noch mit einfachen Kleinbildkameras, sp\u00e4ter auch SLRs.<\/p>\n\n\n\n<p>Schwarz\/Wei\u00df Fotografien haben wir damals selbst zuhause entwickelt, Farbfilme gingen klassisch ans Labor.<\/p>\n\n\n\n<p>Meine erste eigene Kamera war eine bunte &#8222;Kinderkamera&#8220;, die nur einen Ausl\u00f6ser und einen Einschalter hatte, aber daf\u00fcr recht gute Bilder machte. Sp\u00e4ter kam dann eine bessere Kleinbildkamera dazu. Die Marken wei\u00df ich gar nicht mehr.<\/p>\n\n\n\n<p>Die erste Ber\u00fchrung mit Digitalfotografie hatte ich mit einer Digitalkamera von HP, die 11 Bilder speicherte, und f\u00fcr die Features riesig war. Aber es war eine Digitalkamera, was zu der Zeit kaum jemand als Hobbyger\u00e4t hatte. Ein gro\u00dfer Vorteil bei dem Ger\u00e4t: Sie wurde mit normalen AA Batterien betrieben, die es ja \u00fcberall gibt. Etwas sp\u00e4ter folgte dann eine kompakte Digitalkamera von Canon. Diese hat dann wohl auch meine Markentreue bis heute gepr\u00e4gt.<\/p>\n\n\n\n<p>Die ersten Fotohandys habe ich dann auch gern genutzt, bis dann eine 600D von Canon angeschafft wurde. Diese habe ich oft genutzt, sp\u00e4ter auch mit <a href=\"https:\/\/fairpixelt.com\">fairpixelt.com<\/a> gemeinsam. Dann folgte erstmal eine l\u00e4ngere Handyfotografiezeit, da die Handykameras immer besser wurden.<\/p>\n\n\n\n<p>Zuletzt bekam ich eine 5DSR von Canon, die ich bis heute nutze. Vollformat und gute Objektive am Markt. Das Ger\u00e4t mag schon etwas \u00e4lter sein, macht aber immer noch sehr gute Fotos. Ich muss halt noch selbst schauen, dass der Fokus auf den Augen der Tiere oder Menschen liegt.<\/p>\n\n\n\n<p>Ich mache viele Bilder f\u00fcr mich selbst und f\u00fcr Freunde, hatte aber in letzter Zeit auch schon Foto-Shootings, zun\u00e4chst Hunde, dann eine Hochzeit, und k\u00fcrzlich auch ein Fu\u00dfballspiel. Das sind neue Herausforderungen gewesen, die aber sehr gut geklappt haben, Foto-Shootings werde ich auch \u00f6fter anbieten, denke ich.<\/p>\n\n\n\n<p>Soviel erstmal zu mir<\/p>\n\n\n\n<p>Gr\u00fc\u00dfe<\/p>\n\n\n\n<p>Flo<\/p>\n\n\n\n<p>Florian B\u00f6hm<\/p>\n\n\n\n<p><\/p>\n","protected":false},"excerpt":{"rendered":"<p>Ich habe schon als Kind die Hobbyfotografie von meinem Vater kennengelernt. Damals noch mit einfachen Kleinbildkameras, sp\u00e4ter auch SLRs. Schwarz\/Wei\u00df Fotografien haben wir damals selbst zuhause entwickelt, Farbfilme gingen klassisch ans Labor. Meine erste eigene Kamera war eine bunte &#8222;Kinderkamera&#8220;, die nur einen Ausl\u00f6ser und einen Einschalter hatte, aber daf\u00fcr recht gute Bilder machte. Sp\u00e4ter [&hellip;]<\/p>\n","protected":false},"author":1,"featured_media":0,"parent":0,"menu_order":0,"comment_status":"closed","ping_status":"closed","template":"","meta":{"footnotes":""},"class_list":["post-28","page","type-page","status-publish","hentry"],"_links":{"self":[{"href":"https:\/\/fairwackelt.de\/index.php?rest_route=\/wp\/v2\/pages\/28","targetHints":{"allow":["GET"]}}],"collection":[{"href":"https:\/\/fairwackelt.de\/index.php?rest_route=\/wp\/v2\/pages"}],"about":[{"href":"https:\/\/fairwackelt.de\/index.php?rest_route=\/wp\/v2\/types\/page"}],"author":[{"embeddable":true,"href":"https:\/\/fairwackelt.de\/index.php?rest_route=\/wp\/v2\/users\/1"}],"replies":[{"embeddable":true,"href":"https:\/\/fairwackelt.de\/index.php?rest_route=%2Fwp%2Fv2%2Fcomments&post=28"}],"version-history":[{"count":1,"href":"https:\/\/fairwackelt.de\/index.php?rest_route=\/wp\/v2\/pages\/28\/revisions"}],"predecessor-version":[{"id":29,"href":"https:\/\/fairwackelt.de\/index.php?rest_route=\/wp\/v2\/pages\/28\/revisions\/29"}],"wp:attachment":[{"href":"https:\/\/fairwackelt.de\/index.php?rest_route=%2Fwp%2Fv2%2Fmedia&parent=28"}],"curies":[{"name":"wp","href":"https:\/\/api.w.org\/{rel}","templated":true}]}}